{"id":11,"date":"2015-08-18T18:56:12","date_gmt":"2015-08-18T18:56:12","guid":{"rendered":"http:\/\/zeitschnur.de\/?page_id=11"},"modified":"2026-02-03T13:23:42","modified_gmt":"2026-02-03T13:23:42","slug":"vita","status":"publish","type":"page","link":"http:\/\/zeitschnur.de\/?page_id=11","title":{"rendered":"Vita"},"content":{"rendered":"<p><a href=\"http:\/\/zeitschnur.de\/wp-content\/uploads\/2015\/08\/hanna_juengling.jpg\" target=\"_blank\" rel=\"noopener\">Photo<\/a>, Gr\u00f6\u00dfe: 1732 x 1118 Pixel, DPI: 96<br \/>\nPublikationsliste, als <a href=\"http:\/\/zeitschnur.de\/wp-content\/uploads\/2015\/08\/publikationen_hanna_juengling.pdf\" target=\"_blank\" rel=\"noopener\">PDF-Dokument<\/a><br \/>\nMusikalische Projekte, als <a href=\"http:\/\/zeitschnur.de\/wp-content\/uploads\/2015\/08\/musikalische_projekte_hanna_juengling.pdf\" target=\"_blank\" rel=\"noopener\">PDF-Dokument<\/a><\/p>\n<p><a href=\"http:\/\/zeitschnur.de\/wp-content\/uploads\/2015\/08\/hanna_juengling.jpg\" target=\"_blank\" rel=\"noopener\"><img loading=\"lazy\" decoding=\"async\" class=\"alignright wp-image-55 size-medium\" style=\"float: clear important!;\" src=\"http:\/\/zeitschnur.de\/wp-content\/uploads\/2015\/08\/hanna_juengling-300x194.jpg\" alt=\"hanna_juengling\" width=\"300\" height=\"194\" srcset=\"http:\/\/zeitschnur.de\/wp-content\/uploads\/2015\/08\/hanna_juengling-300x194.jpg 300w, http:\/\/zeitschnur.de\/wp-content\/uploads\/2015\/08\/hanna_juengling-1024x661.jpg 1024w, http:\/\/zeitschnur.de\/wp-content\/uploads\/2015\/08\/hanna_juengling.jpg 1732w\" sizes=\"auto, (max-width: 300px) 100vw, 300px\" \/><\/a><\/p>\n<p>Geboren 1963 in Mannheim, von 1970 bis 1983 die Schulbank in Karlsruhe gedr\u00fcckt, davon neun Jahre gl\u00fccklicherweise im Musikzug des Helmholtz-Gymnasiums, von klein auf Blockfl\u00f6te und Violine gespielt, bald auch erste Texte geschrieben und beim Abitur den Scheffelpreis erhalten, danach umfangreich und erfolgreich studiert, geheiratet, wurde Mutter, habe immer gearbeitet, was meint: hauptberuflich Musik gemacht, unterrichtet, geschrieben und 2007 den Zeitschnur Verlag gegr\u00fcndet. Ein Nebenprodukt meiner k\u00fcnstlerischen T\u00e4tigkeit wurde die zeichnerische Arbeit mit Tusche und Pflanzenaquarellfarben.<\/p>\n<p>Ich war und bin Mitglied in Vereinigungen wie zB der GEDOK Karlsruhe (bis 2018), dem Forum Freie Musik Karlsruhe, dem Jazzclub Heidelberg (bis 2008), in dem ich 2. Vorsitzende war und jahrelang eine Offene B\u00fchne f\u00fcr Freie Improvisation veranstaltete. Manches kam und ging, manches entwickelte sich weiter, von manchem bin ich wieder abgekommen. Ich wurde freier und unabh\u00e4ngiger. Meine Anf\u00e4nge waren intensiv, vielseitig und aufregend, sie liegen dennoch in einer fernen Zeit. Es sind viele Wandlungen geschehen, ein eigenst\u00e4ndiges Profil wuchs. Wer es genauer wissen will, soll mich einfach fragen.<\/p>\n<p>Jetzt arbeite ich mit Herzblut musikp\u00e4dagogisch mit Kindern, Jugendlichen, aber auch Erwachsenen. Gelegentlich spiele ich \u00f6ffentlich.<\/p>\n<p>Ich forsche zu historischen, theologischen, k\u00fcnstlerischen und philosophischen Fragen und ver\u00f6ffentliche dazu regelm\u00e4\u00dfig. Fr\u00fcher erschien vieles in Fremdverlagen und Zeitschriften, heute vor allem auf dem eigenen Blog oder in eigenen Druckwerken.<\/p>\n<p>Derzeit (2026) in Arbeit sind, was die Publizistik betrifft, eine Studie \u00fcber Paul Celan und seine Rolle in der deutschen Nachkriegsliteratur und eine kritische Recherche \u00fcber das Ph\u00e4nomen bayerischer Hellseher, insbesondere Alois Irlmaier, und mystischer Erscheinungen.<\/p>\n","protected":false},"excerpt":{"rendered":"<p>Photo, Gr\u00f6\u00dfe: 1732 x 1118 Pixel, DPI: 96 Publikationsliste, als PDF-Dokument Musikalische Projekte, als PDF-Dokument Geboren 1963 in Mannheim, von 1970 bis 1983 die Schulbank in Karlsruhe gedr\u00fcckt, davon neun [&hellip;]<\/p>\n","protected":false},"author":1,"featured_media":0,"parent":0,"menu_order":0,"comment_status":"closed","ping_status":"closed","template":"template-full.php","meta":{"footnotes":""},"class_list":["post-11","page","type-page","status-publish","hentry"],"_links":{"self":[{"href":"http:\/\/zeitschnur.de\/index.php?rest_route=\/wp\/v2\/pages\/11","targetHints":{"allow":["GET"]}}],"collection":[{"href":"http:\/\/zeitschnur.de\/index.php?rest_route=\/wp\/v2\/pages"}],"about":[{"href":"http:\/\/zeitschnur.de\/index.php?rest_route=\/wp\/v2\/types\/page"}],"author":[{"embeddable":true,"href":"http:\/\/zeitschnur.de\/index.php?rest_route=\/wp\/v2\/users\/1"}],"replies":[{"embeddable":true,"href":"http:\/\/zeitschnur.de\/index.php?rest_route=%2Fwp%2Fv2%2Fcomments&post=11"}],"version-history":[{"count":14,"href":"http:\/\/zeitschnur.de\/index.php?rest_route=\/wp\/v2\/pages\/11\/revisions"}],"predecessor-version":[{"id":50,"href":"http:\/\/zeitschnur.de\/index.php?rest_route=\/wp\/v2\/pages\/11\/revisions\/50"}],"wp:attachment":[{"href":"http:\/\/zeitschnur.de\/index.php?rest_route=%2Fwp%2Fv2%2Fmedia&parent=11"}],"curies":[{"name":"wp","href":"https:\/\/api.w.org\/{rel}","templated":true}]}}