{"id":32,"date":"2015-08-18T19:19:47","date_gmt":"2015-08-18T19:19:47","guid":{"rendered":"http:\/\/zeitschnur.de\/?page_id=32"},"modified":"2026-02-04T17:25:22","modified_gmt":"2026-02-04T17:25:22","slug":"start","status":"publish","type":"page","link":"http:\/\/zeitschnur.de\/","title":{"rendered":"Start"},"content":{"rendered":"<p style=\"text-align: center;\">Willkommen auf der Website der Musikerin, Schriftstellerin und K\u00fcnstlerin Hanna J\u00fcngling!<\/p>\n<p style=\"text-align: center;\">Zeitschnur Verlag<br \/>\nK\u00fcnstlerb\u00fccher: Literatur \u2022 Musik \u2022 Geschichte<br \/>\nK\u00fcnstlerklamotten<br \/>\nTextgestaltungen<br \/>\nTontr\u00e4ger, Noten, Kunstdrucke und -postkarten<\/p>\n<p>Hanna J\u00fcnglings musikalische Arbeit als Geigerin und Performerin finden Sie auf dieser Website dargestellt unter &#8222;Musik&#8220;. Unter &#8222;Termine&#8220; finden Sie die aktuellen Auftritte.<\/p>\n<p>Blog: <a href=\"https:\/\/zeitschnur.blogspot.com\/\" target=\"_blank\" rel=\"noopener\">https:\/\/zeitschnur.blogspot.com\/<\/a> und <a href=\"https:\/\/t.me\/zeitschnuroffizell\" target=\"_blank\" rel=\"noopener\">https:\/\/t.me\/zeitschnuroffizell<\/a><\/p>\n<p>Videos auf Odysee: <a href=\"https:\/\/odysee.com\/@zeitschnur:8?view=content\" target=\"_blank\" rel=\"noopener\">https:\/\/odysee.com\/@zeitschnur:8?view=content<\/a><\/p>\n<p>Verkauf von Produkten auf Etsy: <a href=\"https:\/\/www.etsy.com\/shop\/zeitschnur\" target=\"_blank\" rel=\"noopener\">https:\/\/www.etsy.com\/shop\/zeitschnur<\/a><\/p>\n<p>Die lieferbaren B\u00fccher des Zeitschnur Verlages k\u00f6nnen \u00fcber den Buchhandel und auf <a href=\"https:\/\/www.booklooker.de\/B\u00fccher\/Angebote\/autor=hanna+j\u00fcngling\" target=\"_blank\" rel=\"noopener\">Booklooker<\/a> erworben werden.<\/p>\n","protected":false},"excerpt":{"rendered":"<p>Willkommen auf der Website der Musikerin, Schriftstellerin und K\u00fcnstlerin Hanna J\u00fcngling! Zeitschnur Verlag K\u00fcnstlerb\u00fccher: Literatur \u2022 Musik \u2022 Geschichte K\u00fcnstlerklamotten Textgestaltungen Tontr\u00e4ger, Noten, Kunstdrucke und -postkarten Hanna J\u00fcnglings musikalische Arbeit [&hellip;]<\/p>\n","protected":false},"author":1,"featured_media":0,"parent":0,"menu_order":0,"comment_status":"closed","ping_status":"closed","template":"template-full.php","meta":{"footnotes":""},"class_list":["post-32","page","type-page","status-publish","hentry"],"_links":{"self":[{"href":"http:\/\/zeitschnur.de\/index.php?rest_route=\/wp\/v2\/pages\/32","targetHints":{"allow":["GET"]}}],"collection":[{"href":"http:\/\/zeitschnur.de\/index.php?rest_route=\/wp\/v2\/pages"}],"about":[{"href":"http:\/\/zeitschnur.de\/index.php?rest_route=\/wp\/v2\/types\/page"}],"author":[{"embeddable":true,"href":"http:\/\/zeitschnur.de\/index.php?rest_route=\/wp\/v2\/users\/1"}],"replies":[{"embeddable":true,"href":"http:\/\/zeitschnur.de\/index.php?rest_route=%2Fwp%2Fv2%2Fcomments&post=32"}],"version-history":[{"count":13,"href":"http:\/\/zeitschnur.de\/index.php?rest_route=\/wp\/v2\/pages\/32\/revisions"}],"predecessor-version":[{"id":823,"href":"http:\/\/zeitschnur.de\/index.php?rest_route=\/wp\/v2\/pages\/32\/revisions\/823"}],"wp:attachment":[{"href":"http:\/\/zeitschnur.de\/index.php?rest_route=%2Fwp%2Fv2%2Fmedia&parent=32"}],"curies":[{"name":"wp","href":"https:\/\/api.w.org\/{rel}","templated":true}]}}