{"id":86,"date":"2015-08-24T16:19:14","date_gmt":"2015-08-24T16:19:14","guid":{"rendered":"http:\/\/zeitschnur.de\/?page_id=86"},"modified":"2026-02-03T13:13:06","modified_gmt":"2026-02-03T13:13:06","slug":"paedagogik","status":"publish","type":"page","link":"http:\/\/zeitschnur.de\/?page_id=86","title":{"rendered":"P\u00e4dagogik"},"content":{"rendered":"<blockquote><p>Unterricht<\/p><\/blockquote>\n<p>Hanna J\u00fcngling ist seit 2008 Mitglied des Unterrichtsteams der Privaten Musikschule Zsuzsanna Glasstetter in Karlsruhe, Gartenstr. 4, und kann entweder \u00fcber diese Musikschule oder f\u00fcr privaten klassischen und experimentellen Geigen- und Blockfl\u00f6tenunterricht gebucht werden.<\/p>\n<p>Sie arbeitet st\u00e4ndig f\u00fcr \u00f6ffentliche Schulen und Musikvereine und kann f\u00fcr Musik-AGs, Blockfl\u00f6ten-AGs u.a. angefragt werden. Sie wirkt an Workshops im bereich \u201eFreie Improvisation\u201c als Dozentin mit.<\/p>\n<blockquote><p>Workshops\/Musikp\u00e4dagogische Projekte<\/p><\/blockquote>\n<p>Hanna J\u00fcngling kann gebucht werden f\u00fcr einmalige musikp\u00e4dagogische und -therapeutische Auftr\u00e4ge.<\/p>\n<p>&nbsp;<\/p>\n","protected":false},"excerpt":{"rendered":"<p>Unterricht Hanna J\u00fcngling ist seit 2008 Mitglied des Unterrichtsteams der Privaten Musikschule Zsuzsanna Glasstetter in Karlsruhe, Gartenstr. 4, und kann entweder \u00fcber diese Musikschule oder f\u00fcr privaten klassischen und experimentellen [&hellip;]<\/p>\n","protected":false},"author":1,"featured_media":0,"parent":0,"menu_order":0,"comment_status":"closed","ping_status":"closed","template":"","meta":{"footnotes":""},"class_list":["post-86","page","type-page","status-publish","hentry"],"_links":{"self":[{"href":"http:\/\/zeitschnur.de\/index.php?rest_route=\/wp\/v2\/pages\/86","targetHints":{"allow":["GET"]}}],"collection":[{"href":"http:\/\/zeitschnur.de\/index.php?rest_route=\/wp\/v2\/pages"}],"about":[{"href":"http:\/\/zeitschnur.de\/index.php?rest_route=\/wp\/v2\/types\/page"}],"author":[{"embeddable":true,"href":"http:\/\/zeitschnur.de\/index.php?rest_route=\/wp\/v2\/users\/1"}],"replies":[{"embeddable":true,"href":"http:\/\/zeitschnur.de\/index.php?rest_route=%2Fwp%2Fv2%2Fcomments&post=86"}],"version-history":[{"count":10,"href":"http:\/\/zeitschnur.de\/index.php?rest_route=\/wp\/v2\/pages\/86\/revisions"}],"predecessor-version":[{"id":810,"href":"http:\/\/zeitschnur.de\/index.php?rest_route=\/wp\/v2\/pages\/86\/revisions\/810"}],"wp:attachment":[{"href":"http:\/\/zeitschnur.de\/index.php?rest_route=%2Fwp%2Fv2%2Fmedia&parent=86"}],"curies":[{"name":"wp","href":"https:\/\/api.w.org\/{rel}","templated":true}]}}